{"id":28,"date":"2017-04-01T14:09:30","date_gmt":"2017-04-01T11:09:30","guid":{"rendered":"https:\/\/mlu.lv\/?page_id=28"},"modified":"2017-11-07T19:16:06","modified_gmt":"2017-11-07T16:16:06","slug":"musu-darbi","status":"publish","type":"page","link":"https:\/\/mlu.lv\/?page_id=28","title":{"rendered":"LABIEK\u0100RTO\u0160ANA"},"content":{"rendered":"<p>Demont\u0101\u017ea, rak\u0161ana un l\u012bdzin\u0101\u0161ana<\/p>\n<p>Teritoriju labiek\u0101rto\u0161ana<\/p>\n<p>Bru\u0123\u0113\u0161ana un apza\u013cumo\u0161ana<\/p>\n","protected":false},"excerpt":{"rendered":"<p>Demont\u0101\u017ea, rak\u0161ana un l\u012bdzin\u0101\u0161ana Teritoriju labiek\u0101rto\u0161ana Bru\u0123\u0113\u0161ana un apza\u013cumo\u0161ana<\/p>\n","protected":false},"author":1,"featured_media":0,"parent":0,"menu_order":3,"comment_status":"closed","ping_status":"closed","template":"","meta":{"footnotes":""},"class_list":["post-28","page","type-page","status-publish","hentry"],"_links":{"self":[{"href":"https:\/\/mlu.lv\/index.php?rest_route=\/wp\/v2\/pages\/28","targetHints":{"allow":["GET"]}}],"collection":[{"href":"https:\/\/mlu.lv\/index.php?rest_route=\/wp\/v2\/pages"}],"about":[{"href":"https:\/\/mlu.lv\/index.php?rest_route=\/wp\/v2\/types\/page"}],"author":[{"embeddable":true,"href":"https:\/\/mlu.lv\/index.php?rest_route=\/wp\/v2\/users\/1"}],"replies":[{"embeddable":true,"href":"https:\/\/mlu.lv\/index.php?rest_route=%2Fwp%2Fv2%2Fcomments&post=28"}],"version-history":[{"count":3,"href":"https:\/\/mlu.lv\/index.php?rest_route=\/wp\/v2\/pages\/28\/revisions"}],"predecessor-version":[{"id":227,"href":"https:\/\/mlu.lv\/index.php?rest_route=\/wp\/v2\/pages\/28\/revisions\/227"}],"wp:attachment":[{"href":"https:\/\/mlu.lv\/index.php?rest_route=%2Fwp%2Fv2%2Fmedia&parent=28"}],"curies":[{"name":"wp","href":"https:\/\/api.w.org\/{rel}","templated":true}]}}