{"id":26,"date":"2017-04-01T14:08:57","date_gmt":"2017-04-01T11:08:57","guid":{"rendered":"https:\/\/mlu.lv\/?page_id=26"},"modified":"2017-11-07T18:59:29","modified_gmt":"2017-11-07T15:59:29","slug":"pakalpojumi","status":"publish","type":"page","link":"https:\/\/mlu.lv\/?page_id=26","title":{"rendered":"MELIOR\u0100CIJA"},"content":{"rendered":"<p>Melior\u0101cijas sist\u0113mu b\u016bvniec\u012bba, atjauno\u0161ana un b\u016bvuzraudz\u012bba<\/p>\n<p>D\u012b\u0137u rak\u0161ana un t\u012br\u012b\u0161ana<\/p>\n<p>&nbsp;<\/p>\n","protected":false},"excerpt":{"rendered":"<p>Melior\u0101cijas sist\u0113mu b\u016bvniec\u012bba, atjauno\u0161ana un b\u016bvuzraudz\u012bba D\u012b\u0137u rak\u0161ana un t\u012br\u012b\u0161ana &nbsp;<\/p>\n","protected":false},"author":1,"featured_media":0,"parent":0,"menu_order":1,"comment_status":"closed","ping_status":"closed","template":"","meta":{"footnotes":""},"class_list":["post-26","page","type-page","status-publish","hentry"],"_links":{"self":[{"href":"https:\/\/mlu.lv\/index.php?rest_route=\/wp\/v2\/pages\/26","targetHints":{"allow":["GET"]}}],"collection":[{"href":"https:\/\/mlu.lv\/index.php?rest_route=\/wp\/v2\/pages"}],"about":[{"href":"https:\/\/mlu.lv\/index.php?rest_route=\/wp\/v2\/types\/page"}],"author":[{"embeddable":true,"href":"https:\/\/mlu.lv\/index.php?rest_route=\/wp\/v2\/users\/1"}],"replies":[{"embeddable":true,"href":"https:\/\/mlu.lv\/index.php?rest_route=%2Fwp%2Fv2%2Fcomments&post=26"}],"version-history":[{"count":7,"href":"https:\/\/mlu.lv\/index.php?rest_route=\/wp\/v2\/pages\/26\/revisions"}],"predecessor-version":[{"id":223,"href":"https:\/\/mlu.lv\/index.php?rest_route=\/wp\/v2\/pages\/26\/revisions\/223"}],"wp:attachment":[{"href":"https:\/\/mlu.lv\/index.php?rest_route=%2Fwp%2Fv2%2Fmedia&parent=26"}],"curies":[{"name":"wp","href":"https:\/\/api.w.org\/{rel}","templated":true}]}}